{"id":2,"date":"2016-05-10T03:48:21","date_gmt":"2016-05-10T03:48:21","guid":{"rendered":"http:\/\/eemt.ipma.pt\/?page_id=2"},"modified":"2025-10-21T10:15:06","modified_gmt":"2025-10-21T10:15:06","slug":"home","status":"publish","type":"page","link":"http:\/\/eemt.ipma.pt\/en\/","title":{"rendered":"Esta\u00e7\u00e3o Experimental de Moluscicultura de Tavira (EEMT)"},"content":{"rendered":"\n<p>A <strong>EEMT<\/strong> localiza-se no Parque Natural da Ria Formosa, em Vale de Caranguejo, em frente ao Forte do Rato. A EEMT constitui uma unidade de investiga\u00e7\u00e3o do <strong><a rel=\"noreferrer noopener\" href=\"https:\/\/www.ipma.pt\/pt\/\" target=\"_blank\">Instituto Portugu\u00eas do Mar e da Atmosfera &#8211; IPMA, I.P.<\/a><\/strong>, dedicada a duas \u00e1reas principais: 1) produ\u00e7\u00e3o de bivalves (am\u00eaijoas, ostras, entre outros); 2) geoci\u00eancias marinhas.<\/p>\n\n\n\n<p>A investiga\u00e7\u00e3o cient\u00edfica \u00e9 financiada por v\u00e1rios projectos no \u00e2mbito de programas nacionais e internacionais. A EEMT desempenha um papel importante junto das comunidades locais e regionais atrav\u00e9s da transfer\u00eancia de tecnologia ao setor produtivo da moluscicultura e apoio a empresas (start-ups). Est\u00e1 tamb\u00e9m fortemente envolvida na promo\u00e7\u00e3o e dinamiza\u00e7\u00e3o de atividades das ci\u00eancias do mar junto das escolas e do p\u00fablico em geral e colabora ainda na forma\u00e7\u00e3o cient\u00edfica e t\u00e9cnica quer a n\u00edvel profissional quer universit\u00e1rio.<\/p>\n\n\n\n<hr class=\"wp-block-separator aligncenter has-alpha-channel-opacity is-style-dots\"\/>\n\n\n\n<div style=\"text-align: center;\">\n  <iframe loading=\"lazy\" \n    width=\"560\" \n    height=\"315\" \n    src=\"https:\/\/www.youtube.com\/embed\/hhhauOl5lqo?autoplay=1&#038;mute=1\" \n    title=\"YouTube video player\" \n    frameborder=\"0\" \n    allow=\"accelerometer; autoplay; clipboard-write; encrypted-media; gyroscope; picture-in-picture; web-share\" \n    allowfullscreen>\n  <\/iframe>\n<\/div>\n\n\n\n<hr class=\"wp-block-separator has-alpha-channel-opacity is-style-dots\"\/>\n\n\n\n<p>A esta\u00e7\u00e3o do IPMA Tavira localiza-se numa \u00e1rea da Ria Formosa, um sistema din\u00e2mico, constitu\u00eddo por uma laguna, ilhas-barreira e barras de mar\u00e9, onde se observam praias, dunas, sapais, canais e bancos de areia em constante transforma\u00e7\u00e3o devido \u00e0 a\u00e7\u00e3o das ondas, das mar\u00e9s e dos ventos. <br><br>Esta geodiversidade cria e sustenta uma multiplicidade de habitats, o que permite a vida de tantas esp\u00e9cies e a sua extraordin\u00e1ria biodiversidade.<br>Neste contexto, o territ\u00f3rio que envolve a Esta\u00e7\u00e3o Experimental de Moluscicultura de Tavira constitui um aut\u00eantico laborat\u00f3rio a c\u00e9u aberto, onde se observam, em tempo real, as intera\u00e7\u00f5es entre geologia, biologia e atividade humana.<br><br>\u00c9 um espa\u00e7o privilegiado para a investiga\u00e7\u00e3o cient\u00edfica e para o estudo e compreens\u00e3o dos processos naturais que est\u00e3o na base da geodiversidade, dos ecossistemas costeiros e da sua evolu\u00e7\u00e3o ao longo do tempo.<\/p>\n","protected":false},"excerpt":{"rendered":"<p>A EEMT localiza-se no Parque Natural da Ria Formosa, em Vale de Caranguejo, em frente ao Forte do Rato. A EEMT constitui uma unidade de investiga\u00e7\u00e3o do Instituto Portugu\u00eas do Mar e da Atmosfera &#8211; IPMA, I.P., dedicada a duas \u00e1reas principais: 1) produ\u00e7\u00e3o de bivalves (am\u00eaijoas, ostras, entre outros); 2) geoci\u00eancias marinhas. A investiga\u00e7\u00e3o cient\u00edfica \u00e9 financiada por v\u00e1rios projectos no \u00e2mbito de programas nacionais e internacionais. A EEMT desempenha um papel importante junto das comunidades locais e regionais atrav\u00e9s da transfer\u00eancia de tecnologia ao setor produtivo da moluscicultura e apoio a empresas (start-ups). Est\u00e1 tamb\u00e9m fortemente envolvida na [&hellip;]<\/p>\n","protected":false},"author":1,"featured_media":0,"parent":0,"menu_order":0,"comment_status":"closed","ping_status":"closed","template":"","meta":{"_monsterinsights_skip_tracking":false,"_monsterinsights_sitenote_active":false,"_monsterinsights_sitenote_note":"","_monsterinsights_sitenote_category":0,"footnotes":""},"class_list":["post-2","page","type-page","status-publish","hentry"],"translation":{"provider":"WPGlobus","version":"3.0.0","language":"en","enabled_languages":["pt","en"],"languages":{"pt":{"title":true,"content":true,"excerpt":false},"en":{"title":false,"content":false,"excerpt":false}}},"guten_post_layout_featured_media_urls":{"full":false,"thumbnail":false,"medium":false,"medium_large":false,"large":false,"1536x1536":false,"2048x2048":false,"guten_post_layout_landscape_large":false,"guten_post_layout_portrait_large":false,"guten_post_layout_square_large":false,"guten_post_layout_landscape":false,"guten_post_layout_portrait":false,"guten_post_layout_square":false,"sciencexlite-blog-thumb":false},"_links":{"self":[{"href":"http:\/\/eemt.ipma.pt\/en\/wp-json\/wp\/v2\/pages\/2","targetHints":{"allow":["GET"]}}],"collection":[{"href":"http:\/\/eemt.ipma.pt\/en\/wp-json\/wp\/v2\/pages"}],"about":[{"href":"http:\/\/eemt.ipma.pt\/en\/wp-json\/wp\/v2\/types\/page"}],"author":[{"embeddable":true,"href":"http:\/\/eemt.ipma.pt\/en\/wp-json\/wp\/v2\/users\/1"}],"replies":[{"embeddable":true,"href":"http:\/\/eemt.ipma.pt\/en\/wp-json\/wp\/v2\/comments?post=2"}],"version-history":[{"count":63,"href":"http:\/\/eemt.ipma.pt\/en\/wp-json\/wp\/v2\/pages\/2\/revisions"}],"predecessor-version":[{"id":1046,"href":"http:\/\/eemt.ipma.pt\/en\/wp-json\/wp\/v2\/pages\/2\/revisions\/1046"}],"wp:attachment":[{"href":"http:\/\/eemt.ipma.pt\/en\/wp-json\/wp\/v2\/media?parent=2"}],"curies":[{"name":"wp","href":"https:\/\/api.w.org\/{rel}","templated":true}]}}